{"id":10246,"date":"2022-12-21T20:35:09","date_gmt":"2022-12-21T18:35:09","guid":{"rendered":"https:\/\/yss-suspension.lv\/eng\/?page_id=10246"},"modified":"2023-02-14T22:37:38","modified_gmt":"2023-02-14T20:37:38","slug":"offers","status":"publish","type":"page","link":"https:\/\/yss-suspension.lv\/eng\/offers\/","title":{"rendered":"OFFERS"},"content":{"rendered":"\n<figure class=\"wp-block-image size-full\"><img loading=\"lazy\" decoding=\"async\" width=\"240\" height=\"112\" src=\"https:\/\/yss-suspension.lv\/eng\/wp-content\/uploads\/sites\/8\/2022\/12\/yss-logo-eng-emai-2.png\" alt=\"\" class=\"wp-image-10248\"\/><\/figure>\n\n\n\n<p><strong>YSS Offer<\/strong><\/p>\n\n\n\n<p>We carry out maintenance and repair of standard shock absorbers for street and sports motorcycles.<\/p>\n\n\n\n<figure class=\"wp-block-table\"><table><tbody><tr><td><strong>Kubat\u016bra<\/strong><\/td><td><strong>P\u0101rb\u016bves veids<\/strong><\/td><\/tr><tr><td><strong>SX50<\/strong><\/td><td><strong>Front and rear suspension rebuild to rider specific weight (Re-valve)<\/strong><\/td><\/tr><tr><td><strong>SX65<\/strong><\/td><td><strong>Front and rear suspension rebuild to rider specific weight (Re-valve)<\/strong><\/td><\/tr><tr><td><strong>SX85<\/strong><\/td><td><strong>Front and rear suspension rebuild to rider specific weight (Re-valve)<\/strong><\/td><\/tr><tr><td><strong>125cc&gt;<\/strong><\/td><td><strong>Front and rear suspension rebuild to rider specific weight (Re-valve)<\/strong><\/td><\/tr><tr><td><strong>SX50<\/strong><\/td><td><strong>Install K-TECH cartridges + rear suspension rebuild to rider specific weight<\/strong><\/td><\/tr><tr><td><strong>SX65<\/strong><\/td><td><strong>Install K-TECH cartridges + rear suspension rebuild to rider specific weight<\/strong><\/td><\/tr><tr><td><strong>SX85<\/strong><\/td><td><strong>Install K-TECH AIR to spring kit + Front and rear suspension rebuild to rider specific weight<\/strong><\/td><\/tr><tr><td><strong>125cc&gt; (KTM grupai)<\/strong><\/td><td><strong>Install K-TECH AIR to spring kit + Front and rear suspension rebuild to rider specific weight<\/strong><\/td><\/tr><tr><td><strong>125cc&gt;<\/strong><\/td><td><strong>Install YSS cartridges + rear suspension rebuild to rider specific weight<\/strong><\/td><\/tr><tr><td><strong>125cc&gt;<\/strong><\/td><td><strong>Install YSS cartridges &nbsp;+ Full racing rear shock absorber form YSS<\/strong><\/td><\/tr><tr><td><strong>We provide full service for front forks and rear suspension.<\/strong><\/td><\/tr><\/tbody><\/table><\/figure>\n\n\n\n<p><strong>All conversions are carried out in the Netherlands at a specialized service center. After rebuilding, shock absorbers are tested at a specialized stand and a guarantee is given.<\/strong><\/p>\n\n\n\n<p><strong>We provide reconstruction within ten working days.<\/strong><\/p>\n\n\n\n<p><strong>We can provide scheduled maintenance within 48 hours with prior scheduling.<\/strong><\/p>\n","protected":false},"excerpt":{"rendered":"<p>YSS Offer We carry out maintenance and repair of standard shock absorbers for street and sports motorcycles. Kubat\u016bra P\u0101rb\u016bves veids SX50 Front and rear suspension rebuild to rider specific weight (Re-valve) SX65 Front and rear suspension rebuild to rider specific weight (Re-valve) SX85 Front and rear suspension rebuild to rider specific weight (Re-valve) 125cc&gt; Front [&hellip;]<\/p>\n","protected":false},"author":1,"featured_media":0,"parent":0,"menu_order":0,"comment_status":"closed","ping_status":"closed","template":"","meta":{"footnotes":""},"class_list":["post-10246","page","type-page","status-publish","hentry","eq-blocks"],"yoast_head":"<!-- This site is optimized with the Yoast SEO plugin v20.2.1 - https:\/\/yoast.com\/wordpress\/plugins\/seo\/ -->\n<title>OFFERS - Y.S.S Suspension Latvia<\/title>\n<meta name=\"robots\" content=\"index, follow, max-snippet:-1, max-image-preview:large, max-video-preview:-1\" \/>\n<link rel=\"canonical\" href=\"https:\/\/yss-suspension.lv\/eng\/offers\/\" \/>\n<meta property=\"og:locale\" content=\"en_US\" \/>\n<meta property=\"og:type\" content=\"article\" \/>\n<meta property=\"og:title\" content=\"OFFERS - Y.S.S Suspension Latvia\" \/>\n<meta property=\"og:description\" content=\"YSS Offer We carry out maintenance and repair of standard shock absorbers for street and sports motorcycles. Kubat\u016bra P\u0101rb\u016bves veids SX50 Front and rear suspension rebuild to rider specific weight (Re-valve) SX65 Front and rear suspension rebuild to rider specific weight (Re-valve) SX85 Front and rear suspension rebuild to rider specific weight (Re-valve) 125cc&gt; Front [&hellip;]\" \/>\n<meta property=\"og:url\" content=\"https:\/\/yss-suspension.lv\/eng\/offers\/\" \/>\n<meta property=\"og:site_name\" content=\"Y.S.S Suspension Latvia\" \/>\n<meta property=\"article:modified_time\" content=\"2023-02-14T20:37:38+00:00\" \/>\n<meta property=\"og:image\" content=\"https:\/\/yss-suspension.lv\/eng\/wp-content\/uploads\/sites\/8\/2022\/12\/yss-logo-eng-emai-2.png\" \/>\n<meta name=\"twitter:card\" content=\"summary_large_image\" \/>\n<meta name=\"twitter:label1\" content=\"Est. reading time\" \/>\n\t<meta name=\"twitter:data1\" content=\"2 minutes\" \/>\n<script type=\"application\/ld+json\" class=\"yoast-schema-graph\">{\"@context\":\"https:\/\/schema.org\",\"@graph\":[{\"@type\":\"WebPage\",\"@id\":\"https:\/\/yss-suspension.lv\/eng\/offers\/\",\"url\":\"https:\/\/yss-suspension.lv\/eng\/offers\/\",\"name\":\"OFFERS - Y.S.S Suspension Latvia\",\"isPartOf\":{\"@id\":\"https:\/\/yss-suspension.lv\/eng\/#website\"},\"datePublished\":\"2022-12-21T18:35:09+00:00\",\"dateModified\":\"2023-02-14T20:37:38+00:00\",\"breadcrumb\":{\"@id\":\"https:\/\/yss-suspension.lv\/eng\/offers\/#breadcrumb\"},\"inLanguage\":\"en-US\",\"potentialAction\":[{\"@type\":\"ReadAction\",\"target\":[\"https:\/\/yss-suspension.lv\/eng\/offers\/\"]}]},{\"@type\":\"BreadcrumbList\",\"@id\":\"https:\/\/yss-suspension.lv\/eng\/offers\/#breadcrumb\",\"itemListElement\":[{\"@type\":\"ListItem\",\"position\":1,\"name\":\"Home\",\"item\":\"http:\/\/yss-suspension.lv\/eng\/\"},{\"@type\":\"ListItem\",\"position\":2,\"name\":\"OFFERS\"}]},{\"@type\":\"WebSite\",\"@id\":\"https:\/\/yss-suspension.lv\/eng\/#website\",\"url\":\"https:\/\/yss-suspension.lv\/eng\/\",\"name\":\"Y.S.S Suspension Latvia\",\"description\":\"Y.S.S World Class Suspension Latvia\",\"publisher\":{\"@id\":\"https:\/\/yss-suspension.lv\/eng\/#organization\"},\"potentialAction\":[{\"@type\":\"SearchAction\",\"target\":{\"@type\":\"EntryPoint\",\"urlTemplate\":\"https:\/\/yss-suspension.lv\/eng\/?s={search_term_string}\"},\"query-input\":\"required name=search_term_string\"}],\"inLanguage\":\"en-US\"},{\"@type\":\"Organization\",\"@id\":\"https:\/\/yss-suspension.lv\/eng\/#organization\",\"name\":\"Y.S.S Suspension Latvia\",\"url\":\"https:\/\/yss-suspension.lv\/eng\/\",\"logo\":{\"@type\":\"ImageObject\",\"inLanguage\":\"en-US\",\"@id\":\"https:\/\/yss-suspension.lv\/eng\/#\/schema\/logo\/image\/\",\"url\":\"https:\/\/yss-suspension.lv\/eng\/wp-content\/uploads\/sites\/8\/2022\/12\/cropped-cropped-LOGO-YSS.png\",\"contentUrl\":\"https:\/\/yss-suspension.lv\/eng\/wp-content\/uploads\/sites\/8\/2022\/12\/cropped-cropped-LOGO-YSS.png\",\"width\":468,\"height\":90,\"caption\":\"Y.S.S Suspension Latvia\"},\"image\":{\"@id\":\"https:\/\/yss-suspension.lv\/eng\/#\/schema\/logo\/image\/\"}}]}<\/script>\n<!-- \/ Yoast SEO plugin. -->","yoast_head_json":{"title":"OFFERS - Y.S.S Suspension Latvia","robots":{"index":"index","follow":"follow","max-snippet":"max-snippet:-1","max-image-preview":"max-image-preview:large","max-video-preview":"max-video-preview:-1"},"canonical":"https:\/\/yss-suspension.lv\/eng\/offers\/","og_locale":"en_US","og_type":"article","og_title":"OFFERS - Y.S.S Suspension Latvia","og_description":"YSS Offer We carry out maintenance and repair of standard shock absorbers for street and sports motorcycles. Kubat\u016bra P\u0101rb\u016bves veids SX50 Front and rear suspension rebuild to rider specific weight (Re-valve) SX65 Front and rear suspension rebuild to rider specific weight (Re-valve) SX85 Front and rear suspension rebuild to rider specific weight (Re-valve) 125cc&gt; Front [&hellip;]","og_url":"https:\/\/yss-suspension.lv\/eng\/offers\/","og_site_name":"Y.S.S Suspension Latvia","article_modified_time":"2023-02-14T20:37:38+00:00","og_image":[{"url":"https:\/\/yss-suspension.lv\/eng\/wp-content\/uploads\/sites\/8\/2022\/12\/yss-logo-eng-emai-2.png"}],"twitter_card":"summary_large_image","twitter_misc":{"Est. reading time":"2 minutes"},"schema":{"@context":"https:\/\/schema.org","@graph":[{"@type":"WebPage","@id":"https:\/\/yss-suspension.lv\/eng\/offers\/","url":"https:\/\/yss-suspension.lv\/eng\/offers\/","name":"OFFERS - Y.S.S Suspension Latvia","isPartOf":{"@id":"https:\/\/yss-suspension.lv\/eng\/#website"},"datePublished":"2022-12-21T18:35:09+00:00","dateModified":"2023-02-14T20:37:38+00:00","breadcrumb":{"@id":"https:\/\/yss-suspension.lv\/eng\/offers\/#breadcrumb"},"inLanguage":"en-US","potentialAction":[{"@type":"ReadAction","target":["https:\/\/yss-suspension.lv\/eng\/offers\/"]}]},{"@type":"BreadcrumbList","@id":"https:\/\/yss-suspension.lv\/eng\/offers\/#breadcrumb","itemListElement":[{"@type":"ListItem","position":1,"name":"Home","item":"http:\/\/yss-suspension.lv\/eng\/"},{"@type":"ListItem","position":2,"name":"OFFERS"}]},{"@type":"WebSite","@id":"https:\/\/yss-suspension.lv\/eng\/#website","url":"https:\/\/yss-suspension.lv\/eng\/","name":"Y.S.S Suspension Latvia","description":"Y.S.S World Class Suspension Latvia","publisher":{"@id":"https:\/\/yss-suspension.lv\/eng\/#organization"},"potentialAction":[{"@type":"SearchAction","target":{"@type":"EntryPoint","urlTemplate":"https:\/\/yss-suspension.lv\/eng\/?s={search_term_string}"},"query-input":"required name=search_term_string"}],"inLanguage":"en-US"},{"@type":"Organization","@id":"https:\/\/yss-suspension.lv\/eng\/#organization","name":"Y.S.S Suspension Latvia","url":"https:\/\/yss-suspension.lv\/eng\/","logo":{"@type":"ImageObject","inLanguage":"en-US","@id":"https:\/\/yss-suspension.lv\/eng\/#\/schema\/logo\/image\/","url":"https:\/\/yss-suspension.lv\/eng\/wp-content\/uploads\/sites\/8\/2022\/12\/cropped-cropped-LOGO-YSS.png","contentUrl":"https:\/\/yss-suspension.lv\/eng\/wp-content\/uploads\/sites\/8\/2022\/12\/cropped-cropped-LOGO-YSS.png","width":468,"height":90,"caption":"Y.S.S Suspension Latvia"},"image":{"@id":"https:\/\/yss-suspension.lv\/eng\/#\/schema\/logo\/image\/"}}]}},"_links":{"self":[{"href":"https:\/\/yss-suspension.lv\/eng\/wp-json\/wp\/v2\/pages\/10246","targetHints":{"allow":["GET"]}}],"collection":[{"href":"https:\/\/yss-suspension.lv\/eng\/wp-json\/wp\/v2\/pages"}],"about":[{"href":"https:\/\/yss-suspension.lv\/eng\/wp-json\/wp\/v2\/types\/page"}],"author":[{"embeddable":true,"href":"https:\/\/yss-suspension.lv\/eng\/wp-json\/wp\/v2\/users\/1"}],"replies":[{"embeddable":true,"href":"https:\/\/yss-suspension.lv\/eng\/wp-json\/wp\/v2\/comments?post=10246"}],"version-history":[{"count":4,"href":"https:\/\/yss-suspension.lv\/eng\/wp-json\/wp\/v2\/pages\/10246\/revisions"}],"predecessor-version":[{"id":10278,"href":"https:\/\/yss-suspension.lv\/eng\/wp-json\/wp\/v2\/pages\/10246\/revisions\/10278"}],"wp:attachment":[{"href":"https:\/\/yss-suspension.lv\/eng\/wp-json\/wp\/v2\/media?parent=10246"}],"curies":[{"name":"wp","href":"https:\/\/api.w.org\/{rel}","templated":true}]}}